{"id":17224,"date":"2020-10-15T02:39:23","date_gmt":"2020-10-15T01:39:23","guid":{"rendered":"https:\/\/jsl-online.com\/interruptores-y-enchufes\/"},"modified":"2026-02-27T14:37:30","modified_gmt":"2026-02-27T14:37:30","slug":"interruptores-y-enchufes","status":"publish","type":"page","link":"https:\/\/jsl-online.com\/es\/interruptores-y-enchufes\/","title":{"rendered":"Interruptores y Enchufes"},"content":{"rendered":"<div class=\"wpb-content-wrapper\">[vc_row full_width=\u00bbstretch_row_content\u00bb bg_type=\u00bbgrad\u00bb bg_grad=\u00bbbackground: -webkit-gradient(linear, left top, left bottom, color-stop(6%, #424242), color-stop(57%, #292929), color-stop(93%, #000000), color-stop(93%, #3C701E), color-stop(99%, #3C701E));background: -moz-linear-gradient(top,#424242 6%,#292929 57%,#000000 93%,#3C701E 93%,#3C701E 99%);background: -webkit-linear-gradient(top,#424242 6%,#292929 57%,#000000 93%,#3C701E 93%,#3C701E 99%);background: -o-linear-gradient(top,#424242 6%,#292929 57%,#000000 93%,#3C701E 93%,#3C701E 99%);background: -ms-linear-gradient(top,#424242 6%,#292929 57%,#000000 93%,#3C701E 93%,#3C701E 99%);background: linear-gradient(top,#424242 6%,#292929 57%,#000000 93%,#3C701E 93%,#3C701E 99%);\u00bb css=\u00bb.vc_custom_1557151433165{margin-top: -30px !important;margin-bottom: 15px !important;}\u00bb][vc_column css=\u00bb.vc_custom_1557140385615{margin-top: 30px !important;border-bottom-width: 15px !important;}\u00bb][vc_custom_heading text=\u00bbINTERRUPTORES Y ENCHUFES JSL\u00bb font_container=\u00bbtag:h1|font_size:28|text_align:center\u00bb google_fonts=\u00bbfont_family:Montserrat%3Aregular%2C700|font_style:400%20regular%3A400%3Anormal\u00bb css_animation=\u00bbnone\u00bb css=\u00bb.vc_custom_1684839044752{margin-top: -35px !important;padding-bottom: 25px !important;}\u00bb][\/vc_column][\/vc_row][vc_row full_width=\u00bbstretch_row\u00bb gap=\u00bb10&#8243; equal_height=\u00bbyes\u00bb content_placement=\u00bbtop\u00bb parallax_content=\u00bbparallax_content_value\u00bb parallax_content_sense=\u00bb30&#8243; css=\u00bb.vc_custom_1557239068284{margin-top: -45px !important;margin-bottom: 30px !important;padding-top: 60px !important;}\u00bb][vc_column css_animation=\u00bbslideInUp\u00bb width=\u00bb1\/3&#8243; css=\u00bb.vc_custom_1772184148630{background-color: #3C3C3C !important;border-radius: 5px !important;}\u00bb][vc_custom_heading text=\u00bbMECANISMOS QUICKVOLT\u00bb font_container=\u00bbtag:h2|font_size:16|text_align:center|line_height:1&#8243; google_fonts=\u00bbfont_family:Montserrat%3Aregular%2C700|font_style:700%20bold%20regular%3A700%3Anormal\u00bb css_animation=\u00bbnone\u00bb css=\u00bb\u00bb][vc_separator color=\u00bbcustom\u00bb style=\u00bbdouble\u00bb el_width=\u00bb90&#8243; css=\u00bb.vc_custom_1557227438032{margin-bottom: -5px !important;}\u00bb accent_color=\u00bb#dda433&#8243;][vc_single_image image=\u00bb23895&#8243; img_size=\u00bb\u00bb alignment=\u00bbcenter\u00bb onclick=\u00bbcustom_link\u00bb css=\u00bb.vc_custom_1772202766911{margin-top: 35px !important;margin-bottom: 55px !important;}\u00bb link=\u00bbhttps:\/\/jsl-online.com\/es\/mecanismos-quickvolt\/\u00bb]<div class=\"ult_exp_section_layer ult-adjust-bottom-margin  \" >\n\t\t<div id=\"uvc-exp-wrap-3816\" role=\"button\" tabindex=\"0\" aria-pressed=\"false\"  data-ultimate-target='#uvc-exp-wrap-3816'  data-responsive-json-new='{\"font-size\":\"desktop:20px;\",\"line-height\":\"desktop:20px;\"}'  class=\"ult_exp_section  ult-responsive \" style=\"color:#ffffff;background-color:rgba(255,255,255,0.05); font-weight:normal;margin-top:-35px;margin-bottom:-25px; text-align:center;\" data-textcolor=\"#ffffff\"data-texthover=\"#dda433\"data-icncolor=\"#ffffff\"data-ihover=\"#dda433\"data-height=\"0\"data-cntbg=\"rgba(255,255,255,0.05)\"data-cnthvrbg=\"#ffffff\"data-headerbg=\"rgba(255,255,255,0.05)\"data-headerhover=\"#ffffff\"data-title=\"Informaci\u00f3n\"data-newtitle=\"Informaci\u00f3n\"data-icon=\"Defaults-plus-circle\"data-newicon=\"Defaults-plus-circle\"data-activeicon=\"#dd9933\"data-effect=\"slideToggle\"data-override=\"0\"data-activetitle=\"#333333\"data-activebg=\"#ffffff\"data-img=\"\"data-newimg=\"\"><div class=\"ult_exp_section-main ult_expleft_icon\">\t<div class=\"ult-just-icon-wrapper ult_exp_icon\">\n\t\t\t\t\t<div class=\"align-icon \">\n\t\t\t\t\t\t\n<span class=\"aio-icon  none  ult_expsection_icon \"  style=\"color:#ffffff;font-size:20px;\">\n\t<i class=\"Defaults-plus-circle ult_ex_icon\"  ><\/i>\n<\/span>\n\t\t\t\t\t<\/div>\n\t\t\t\t<\/div>\n\t\t\t\t<div class=\"ult_expheader\" >Informaci\u00f3n\n\t\t\t\t<\/div>\n\t\t\t<\/div>\n\t\t<\/div><div class=\"ult_exp_content \" style=\"background-color:#353535;padding-top:10px;padding-right:10px;padding-bottom:20px;padding-left:10px;margin-top:25px;\"><div class=\"ult_ecpsub_cont\" style=\" \" >[vc_column_text css=\u00bb.vc_custom_1772202809128{margin-bottom: -5px !important;}\u00bb]\n<p style=\"text-align: center;\"><span style=\"font-size: 80%;\">QuickVolt es la nueva l\u00ednea de mecanismos 45\u00d745 de JSL, dise\u00f1ada para una integraci\u00f3n perfecta y eficiente en diversos entornos.<\/span><\/p>\n[\/vc_column_text]<\/div><\/div>\n\n\t\t\t<\/div><div class=\" vc_custom_1772202905258 ubtn-ctn-center \"><a class=\"ubtn-link ult-adjust-bottom-margin ubtn-center ubtn-custom \" href=\"https:\/\/jsl-online.com\/es\/mecanismos-quickvolt\/\" title=\"MECANISMOS QUICKVOLT\" ><button type=\"button\" id=\"ubtn-8654\"  class=\"ubtn ult-adjust-bottom-margin ult-responsive ubtn-custom ubtn-center-hz-bg  ulta-grow  ubtn-center   tooltip-69e302b74bdbb\"  data-hover=\"#ffffff\" data-border-color=\"\" data-bg=\"#dda433\" data-hover-bg=\"rgba(255,255,255,0.01)\" data-border-hover=\"\" data-shadow-hover=\"\" data-shadow-click=\"none\" data-shadow=\"\" data-shd-shadow=\"\"  data-ultimate-target='#ubtn-8654'  data-responsive-json-new='{\"font-size\":\"desktop:15px;\",\"line-height\":\"\"}'  style=\"font-weight:normal;width:240px;min-height:40px;padding:px px;border:none;background: #dda433;color: #eaeaea;\"><span class=\"ubtn-hover\" style=\"background-color:rgba(255,255,255,0.01)\"><\/span><span class=\"ubtn-data ubtn-text \" >VER P\u00c1GINA<\/span><\/button><\/a><\/div>[\/vc_column][vc_column css_animation=\u00bbslideInUp\u00bb width=\u00bb1\/3&#8243; css=\u00bb.vc_custom_1557400402895{background-color: #3c3c3c !important;border-radius: 5px !important;}\u00bb][vc_custom_heading text=\u00bbINTERRUPTORES Y ENCHUFES UNIVERSALES DE 45X45&#8243; font_container=\u00bbtag:h2|font_size:16|text_align:center|line_height:1&#8243; google_fonts=\u00bbfont_family:Montserrat%3Aregular%2C700|font_style:700%20bold%20regular%3A700%3Anormal\u00bb css_animation=\u00bbnone\u00bb][vc_separator color=\u00bbcustom\u00bb style=\u00bbdouble\u00bb el_width=\u00bb90&#8243; css=\u00bb.vc_custom_1557227438032{margin-bottom: -5px !important;}\u00bb accent_color=\u00bb#dda433&#8243;][vc_single_image image=\u00bb12323&#8243; img_size=\u00bb\u00bb alignment=\u00bbcenter\u00bb onclick=\u00bbcustom_link\u00bb link=\u00bbhttps:\/\/jsl-online.com\/es\/interruptores-y-enchufes-de-45&#215;45\/\u00bb]<div class=\"ult_exp_section_layer ult-adjust-bottom-margin  \" >\n\t\t<div id=\"uvc-exp-wrap-2287\" role=\"button\" tabindex=\"0\" aria-pressed=\"false\"  data-ultimate-target='#uvc-exp-wrap-2287'  data-responsive-json-new='{\"font-size\":\"desktop:20px;\",\"line-height\":\"desktop:20px;\"}'  class=\"ult_exp_section  ult-responsive \" style=\"color:#ffffff;background-color:rgba(255,255,255,0.05); font-weight:normal;margin-top:-35px;margin-bottom:-25px; text-align:center;\" data-textcolor=\"#ffffff\"data-texthover=\"#dda433\"data-icncolor=\"#ffffff\"data-ihover=\"#dda433\"data-height=\"0\"data-cntbg=\"rgba(255,255,255,0.05)\"data-cnthvrbg=\"#ffffff\"data-headerbg=\"rgba(255,255,255,0.05)\"data-headerhover=\"#ffffff\"data-title=\"Informaci\u00f3n\"data-newtitle=\"Informaci\u00f3n\"data-icon=\"Defaults-plus-circle\"data-newicon=\"Defaults-plus-circle\"data-activeicon=\"#dd9933\"data-effect=\"slideToggle\"data-override=\"0\"data-activetitle=\"#333333\"data-activebg=\"#ffffff\"data-img=\"\"data-newimg=\"\"><div class=\"ult_exp_section-main ult_expleft_icon\">\t<div class=\"ult-just-icon-wrapper ult_exp_icon\">\n\t\t\t\t\t<div class=\"align-icon \">\n\t\t\t\t\t\t\n<span class=\"aio-icon  none  ult_expsection_icon \"  style=\"color:#ffffff;font-size:20px;\">\n\t<i class=\"Defaults-plus-circle ult_ex_icon\"  ><\/i>\n<\/span>\n\t\t\t\t\t<\/div>\n\t\t\t\t<\/div>\n\t\t\t\t<div class=\"ult_expheader\" >Informaci\u00f3n\n\t\t\t\t<\/div>\n\t\t\t<\/div>\n\t\t<\/div><div class=\"ult_exp_content \" style=\"background-color:#353535;padding-top:10px;padding-right:10px;padding-bottom:20px;padding-left:10px;margin-top:25px;\"><div class=\"ult_ecpsub_cont\" style=\" \" >[vc_column_text css=\u00bb.vc_custom_1567518038291{margin-bottom: -5px !important;}\u00bb]\n<p style=\"text-align: center;\"><span style=\"font-size: 80%;\">La gama de interruptores y enchufes JSL de 45x 45 ofrece una oferta completa para satisfacer las necesidades de conectividad m\u00e1s relevantes en cualquier tipo de instalaci\u00f3n.<\/span><\/p>\n[\/vc_column_text]<\/div><\/div>\n\n\t\t\t<\/div><div class=\" vc_custom_1557243980458 ubtn-ctn-center \"><a class=\"ubtn-link ult-adjust-bottom-margin ubtn-center ubtn-custom \" href=\"https:\/\/jsl-online.com\/es\/interruptores-y-enchufes-de-45x45\/\" title=\"INTERRUPTORES Y ENCHUFES UNIVERSALES DE 45X45\" ><button type=\"button\" id=\"ubtn-1826\"  class=\"ubtn ult-adjust-bottom-margin ult-responsive ubtn-custom ubtn-center-hz-bg  ulta-grow  ubtn-center   tooltip-69e302b74bf76\"  data-hover=\"#ffffff\" data-border-color=\"\" data-bg=\"#dda433\" data-hover-bg=\"rgba(255,255,255,0.01)\" data-border-hover=\"\" data-shadow-hover=\"\" data-shadow-click=\"none\" data-shadow=\"\" data-shd-shadow=\"\"  data-ultimate-target='#ubtn-1826'  data-responsive-json-new='{\"font-size\":\"desktop:15px;\",\"line-height\":\"\"}'  style=\"font-weight:normal;width:240px;min-height:40px;padding:px px;border:none;background: #dda433;color: #eaeaea;\"><span class=\"ubtn-hover\" style=\"background-color:rgba(255,255,255,0.01)\"><\/span><span class=\"ubtn-data ubtn-text \" >Ver p\u00e1gina<\/span><\/button><\/a><\/div>[\/vc_column][vc_column css_animation=\u00bbslideInUp\u00bb width=\u00bb1\/3&#8243; css=\u00bb.vc_custom_1557400418980{background-color: #3c3c3c !important;border-radius: 5px !important;}\u00bb][vc_custom_heading text=\u00bbNUEVA GAMA DE INTERRUPTORES Y ENCHUFES JSL\u00bb font_container=\u00bbtag:h2|font_size:16|text_align:center|line_height:1&#8243; google_fonts=\u00bbfont_family:Montserrat%3Aregular%2C700|font_style:700%20bold%20regular%3A700%3Anormal\u00bb css_animation=\u00bbnone\u00bb][vc_separator color=\u00bbcustom\u00bb style=\u00bbdouble\u00bb el_width=\u00bb90&#8243; css=\u00bb.vc_custom_1557227438032{margin-bottom: -5px !important;}\u00bb accent_color=\u00bb#dda433&#8243;][vc_single_image image=\u00bb14532&#8243; img_size=\u00bbmedium\u00bb alignment=\u00bbcenter\u00bb]<div class=\"ult_exp_section_layer ult-adjust-bottom-margin  \" >\n\t\t<div id=\"uvc-exp-wrap-8780\" role=\"button\" tabindex=\"0\" aria-pressed=\"false\"  data-ultimate-target='#uvc-exp-wrap-8780'  data-responsive-json-new='{\"font-size\":\"desktop:20px;\",\"line-height\":\"desktop:20px;\"}'  class=\"ult_exp_section  ult-responsive \" style=\"color:#ffffff;background-color:rgba(255,255,255,0.05); font-weight:normal;margin-top:-35px;margin-bottom:-25px; text-align:center;\" data-textcolor=\"#ffffff\"data-texthover=\"#dda433\"data-icncolor=\"#ffffff\"data-ihover=\"#dda433\"data-height=\"0\"data-cntbg=\"rgba(255,255,255,0.05)\"data-cnthvrbg=\"#ffffff\"data-headerbg=\"rgba(255,255,255,0.05)\"data-headerhover=\"#ffffff\"data-title=\"Informaci\u00f3n\"data-newtitle=\"Informaci\u00f3n\"data-icon=\"Defaults-plus-circle\"data-newicon=\"Defaults-plus-circle\"data-activeicon=\"#dd9933\"data-effect=\"slideToggle\"data-override=\"0\"data-activetitle=\"#333333\"data-activebg=\"#ffffff\"data-img=\"\"data-newimg=\"\"><div class=\"ult_exp_section-main ult_expleft_icon\">\t<div class=\"ult-just-icon-wrapper ult_exp_icon\">\n\t\t\t\t\t<div class=\"align-icon \">\n\t\t\t\t\t\t\n<span class=\"aio-icon  none  ult_expsection_icon \"  style=\"color:#ffffff;font-size:20px;\">\n\t<i class=\"Defaults-plus-circle ult_ex_icon\"  ><\/i>\n<\/span>\n\t\t\t\t\t<\/div>\n\t\t\t\t<\/div>\n\t\t\t\t<div class=\"ult_expheader\" >Informaci\u00f3n\n\t\t\t\t<\/div>\n\t\t\t<\/div>\n\t\t<\/div><div class=\"ult_exp_content \" style=\"background-color:#353535;padding-top:10px;padding-right:10px;padding-bottom:20px;padding-left:10px;margin-top:25px;\"><div class=\"ult_ecpsub_cont\" style=\" \" >[vc_column_text css=\u00bb.vc_custom_1567518019669{margin-bottom: -5px !important;}\u00bb]\n<p style=\"text-align: center;\"><span style=\"font-size: 80%;\">En desarrollo &#8211; Nueva gama de interruptores y enchufes JSL de 45&#215;45.<\/span><\/p>\n[\/vc_column_text]<\/div><\/div>\n\n\t\t\t<\/div><div class=\" vc_custom_1557239252188 ubtn-ctn-center \"><button type=\"button\" id=\"ubtn-8599\"  class=\"ubtn ult-adjust-bottom-margin ult-responsive ubtn-custom ubtn-center-hz-bg  none  ubtn-center   tooltip-69e302b74c02c\"  data-hover=\"#ffffff\" data-border-color=\"\" data-bg=\"#dda433\" data-hover-bg=\"rgba(255,255,255,0.01)\" data-border-hover=\"\" data-shadow-hover=\"\" data-shadow-click=\"none\" data-shadow=\"\" data-shd-shadow=\"\"  data-ultimate-target='#ubtn-8599'  data-responsive-json-new='{\"font-size\":\"desktop:15px;\",\"line-height\":\"\"}'  style=\"font-weight:normal;width:600px;min-height:40px;padding:px px;border:none;background: #dda433;color: #eaeaea;\"><span class=\"ubtn-hover\" style=\"background-color:rgba(255,255,255,0.01)\"><\/span><span class=\"ubtn-data ubtn-text \" >En desarrollo<\/span><\/button><\/div>[\/vc_column][\/vc_row]\n<\/div>","protected":false},"excerpt":{"rendered":"[vc_row full_width=\u00bbstretch_row_content\u00bb bg_type=\u00bbgrad\u00bb bg_grad=\u00bbbackground: -webkit-gradient(linear, left top, left bottom, color-stop(6%, #424242), color-stop(57%, #292929), color-stop(93%, #000000), color-stop(93%, #3C701E), color-stop(99%, #3C701E));background: -moz-linear-gradient(top,#424242 6%,#292929 57%,#000000 93%,#3C701E 93%,#3C701E 99%);background: -webkit-linear-gradient(top,#424242 6%,#292929 57%,#000000 93%,#3C701E 93%,#3C701E 99%);background: -o-linear-gradient(top,#424242 6%,#292929 57%,#000000 93%,#3C701E 93%,#3C701E 99%);background: -ms-linear-gradient(top,#424242 6%,#292929 57%,#000000 93%,#3C701E 93%,#3C701E 99%);background: linear-gradient(top,#424242 6%,#292929 57%,#000000 93%,#3C701E 93%,#3C701E 99%);\u00bb css=\u00bb.vc_custom_1557151433165{margin-top: -30px !important;margin-bottom: 15px !important;}\u00bb][vc_column css=\u00bb.vc_custom_1557140385615{margin-top: [&#8230;]\n","protected":false},"author":1001011,"featured_media":0,"parent":0,"menu_order":0,"comment_status":"closed","ping_status":"closed","template":"","meta":{"footnotes":""},"class_list":["post-17224","page","type-page","status-publish","hentry"],"_links":{"self":[{"href":"https:\/\/jsl-online.com\/es\/wp-json\/wp\/v2\/pages\/17224","targetHints":{"allow":["GET"]}}],"collection":[{"href":"https:\/\/jsl-online.com\/es\/wp-json\/wp\/v2\/pages"}],"about":[{"href":"https:\/\/jsl-online.com\/es\/wp-json\/wp\/v2\/types\/page"}],"author":[{"embeddable":true,"href":"https:\/\/jsl-online.com\/es\/wp-json\/wp\/v2\/users\/1001011"}],"replies":[{"embeddable":true,"href":"https:\/\/jsl-online.com\/es\/wp-json\/wp\/v2\/comments?post=17224"}],"version-history":[{"count":7,"href":"https:\/\/jsl-online.com\/es\/wp-json\/wp\/v2\/pages\/17224\/revisions"}],"predecessor-version":[{"id":27269,"href":"https:\/\/jsl-online.com\/es\/wp-json\/wp\/v2\/pages\/17224\/revisions\/27269"}],"wp:attachment":[{"href":"https:\/\/jsl-online.com\/es\/wp-json\/wp\/v2\/media?parent=17224"}],"curies":[{"name":"wp","href":"https:\/\/api.w.org\/{rel}","templated":true}]}}