{"id":17265,"date":"2020-10-15T06:19:49","date_gmt":"2020-10-15T05:19:49","guid":{"rendered":"https:\/\/jsl-online.com\/contactos\/"},"modified":"2025-06-18T09:36:14","modified_gmt":"2025-06-18T08:36:14","slug":"contactos","status":"publish","type":"page","link":"https:\/\/jsl-online.com\/es\/contactos\/","title":{"rendered":"Contactos"},"content":{"rendered":"<div class=\"wpb-content-wrapper\">[vc_row full_width=\u00bbstretch_row_content\u00bb css=\u00bb.vc_custom_1558362351302{margin-top: -30px !important;margin-bottom: 15px !important;padding-top: 25px !important;padding-bottom: 25px !important;background-image: url(https:\/\/jsl-online.com\/wp-content\/uploads\/2019\/05\/header-contactos-wide.png?id=3683) !important;background-position: center !important;background-repeat: no-repeat !important;background-size: cover !important;}\u00bb][vc_column css=\u00bb.vc_custom_1557140385615{margin-top: 30px !important;border-bottom-width: 15px !important;}\u00bb][vc_custom_heading text=\u00bbCONTACTOS\u00bb font_container=\u00bbtag:h1|font_size:28|text_align:center\u00bb google_fonts=\u00bbfont_family:Montserrat%3Aregular%2C700|font_style:400%20regular%3A400%3Anormal\u00bb css_animation=\u00bbnone\u00bb css=\u00bb.vc_custom_1557414781537{margin-top: -35px !important;padding-bottom: 25px !important;}\u00bb][\/vc_column][\/vc_row][vc_row full_width=\u00bbstretch_row_content_no_spaces\u00bb css=\u00bb.vc_custom_1558354674146{margin-top: -50px !important;}\u00bb][vc_column][vc_column_text][\/vc_column_text][\/vc_column][\/vc_row][vc_row full_width=\u00bbstretch_row\u00bb gap=\u00bb15&#8243; css=\u00bb.vc_custom_1558608506310{margin-top: -35px !important;padding-bottom: 10px !important;background-position: 0 0 !important;background-repeat: no-repeat !important;}\u00bb][vc_column width=\u00bb1\/2&#8243;][vc_custom_heading text=\u00bbC\u00d3MO ENCONTRARNOS\u00bb font_container=\u00bbtag:h2|font_size:20|text_align:center\u00bb google_fonts=\u00bbfont_family:Montserrat%3Aregular%2C700|font_style:700%20bold%20regular%3A700%3Anormal\u00bb css_animation=\u00bbnone\u00bb css=\u00bb.vc_custom_1558706043287{padding-bottom: 10px !important;}\u00bb][vc_separator color=\u00bbcustom\u00bb style=\u00bbdouble\u00bb el_width=\u00bb80&#8243; accent_color=\u00bb#f8ac19&#8243; css=\u00bb.vc_custom_1558706049788{margin-top: -15px !important;}\u00bb][vc_tta_tabs color=\u00bbblack\u00bb spacing=\u00bb2&#8243; active_section=\u00bb1&#8243; css=\u00bb.vc_custom_1558607003882{margin-top: -15px !important;}\u00bb][vc_tta_section title=\u00bbDirecci\u00f3n F\u00e1brica\u00bb tab_id=\u00bb1558454186847-34b5732b-dff4&#8243;][vc_column_text]<span style=\"color: #282828;\">Estrada das Palmeiras 34, Queluz de Baixo<br \/>\n2734-504 Barcarena &#8211; Portugal<\/span>[\/vc_column_text][vc_column_text]<iframe loading=\"lazy\" style=\"border: 0;\" src=\"https:\/\/www.google.com\/maps\/embed?pb=!1m18!1m12!1m3!1d38396.639925950905!2d-9.284763160318553!3d38.73748857380423!2m3!1f0!2f0!3f0!3m2!1i1024!2i768!4f13.1!3m3!1m2!1s0xd1ecc31dfcb87f9%3A0xb02daa4681bda632!2sJSL-+Material+El%C3%A9ctrico%2C+S.A.!5e0!3m2!1spt-PT!2spt!4v1485539177918\" width=\"100%\" height=\"400\" frameborder=\"0\" allowfullscreen=\"allowfullscreen\"><\/iframe>[\/vc_column_text][vc_column_text]\n<p style=\"text-align: center;\"><span style=\"color: #282828; font-size: 90%;\">Coordenadas: <strong>38.7373\u00b0 N, 9.2690\u00b0 W<\/strong><\/span><\/p>\n[\/vc_column_text][\/vc_tta_section][vc_tta_section title=\u00bbSede Central\u00bb tab_id=\u00bb1558454186831-9ea61729-348d\u00bb][vc_column_text]<span style=\"color: #282828;\">Rua M\u00e1rio Castelhano, n\u00ba3 &#8211; Zona Industrial Queluz de Baixo<\/span><br \/>\n<span style=\"color: #282828;\">2730 \u2013 120 Barcarena &#8211; Portugal<\/span>[\/vc_column_text][\/vc_tta_section][vc_tta_section title=\u00bbSucursal Espa\u00f1a\u00bb tab_id=\u00bb1558454444645-b5e55356-0944&#8243;][vc_column_text]<span style=\"color: #282828;\">Avenida Democracia N\u00ba 7 Nave 112 Planta 1<br \/>\n28031 Madrid &#8211; Espa\u00f1a<br \/>\nTel (+34) 91 332 28 28<br \/>\nFax (+34) 91 332 0151<br \/>\ninfo.jsl@gmail.com<\/span>[\/vc_column_text][\/vc_tta_section][\/vc_tta_tabs][\/vc_column][vc_column width=\u00bb1\/2&#8243;][vc_custom_heading text=\u00bbC\u00d3MO CONTACTARNOS\u00bb font_container=\u00bbtag:h2|font_size:20|text_align:center\u00bb google_fonts=\u00bbfont_family:Montserrat%3Aregular%2C700|font_style:700%20bold%20regular%3A700%3Anormal\u00bb css_animation=\u00bbnone\u00bb css=\u00bb.vc_custom_1558706070218{padding-bottom: 10px !important;}\u00bb][vc_separator color=\u00bbcustom\u00bb style=\u00bbdouble\u00bb el_width=\u00bb80&#8243; accent_color=\u00bb#f8ac19&#8243; css=\u00bb.vc_custom_1558706079255{margin-top: -15px !important;}\u00bb][vc_row_inner content_placement=\u00bbtop\u00bb css=\u00bb.vc_custom_1558604978206{margin-top: -15px !important;border-radius: 5px !important;}\u00bb][vc_column_inner width=\u00bb1\/3&#8243;][vc_single_image image=\u00bb14837&#8243; img_size=\u00bb\u00bb alignment=\u00bbcenter\u00bb css=\u00bb.vc_custom_1558609962583{margin-top: -30px !important;}\u00bb][vc_column_text css=\u00bb.vc_custom_1649669355988{margin-top: -25px !important;}\u00bb]\n<p style=\"text-align: center;\"><span style=\"font-size: 85%;\">Tel (+351) 214 344 670<\/span><br \/>\n<span style=\"font-size: 85%;\">Fax (+351) 21 435 02 89\u00a0<\/span><\/p>\n[\/vc_column_text][\/vc_column_inner][vc_column_inner width=\u00bb1\/3&#8243;][vc_single_image image=\u00bb14833&#8243; img_size=\u00bb\u00bb alignment=\u00bbcenter\u00bb css=\u00bb.vc_custom_1558606502280{margin-top: -30px !important;}\u00bb][vc_column_text css=\u00bb.vc_custom_1589467172730{margin-top: -25px !important;}\u00bb]\n<p style=\"text-align: center;\"><span style=\"font-size: 85%;\">M (+351) 919 975 067<\/span><br \/>\n<span style=\"font-size: 85%;\">M (+351) 932 535 255<\/span><br \/>\n<span style=\"font-size: 85%;\">M (+351) 962 736 709<\/span><\/p>\n[\/vc_column_text][\/vc_column_inner][vc_column_inner width=\u00bb1\/3&#8243;][vc_single_image image=\u00bb14835&#8243; img_size=\u00bb\u00bb alignment=\u00bbcenter\u00bb css=\u00bb.vc_custom_1558606488810{margin-top: -30px !important;}\u00bb][vc_column_text css=\u00bb.vc_custom_1558606598111{margin-top: -25px !important;}\u00bb]\n<p style=\"text-align: center;\"><span style=\"font-size: 85%;\"><a href=\"mailto:info@jsl-online.net\">info@jsl-online.net<\/a><\/span><br \/>\n<span style=\"font-size: 85%;\"><a href=\"http:\/\/www.jsl-online.com\">www.jsl-online.com<\/a><\/span><\/p>\n[\/vc_column_text][\/vc_column_inner][\/vc_row_inner][vc_empty_space height=\u00bb25&#8243;][vc_custom_heading text=\u00bbDeclaraci\u00f3n de garant\u00eda\u00bb font_container=\u00bbtag:h2|font_size:20|text_align:center\u00bb google_fonts=\u00bbfont_family:Montserrat%3Aregular%2C700|font_style:700%20bold%20regular%3A700%3Anormal\u00bb css_animation=\u00bbnone\u00bb css=\u00bb.vc_custom_1558706168032{padding-bottom: 10px !important;}\u00bb][vc_separator color=\u00bbcustom\u00bb el_width=\u00bb50&#8243; accent_color=\u00bb#f8ac19&#8243; css=\u00bb.vc_custom_1558706161964{margin-top: -15px !important;}\u00bb][vc_column_text css=\u00bb.vc_custom_1709121499109{margin-top: -25px !important;}\u00bb]\n<div class=\"vc_tta-panel-heading\">\n<p style=\"text-align: center;\">JSL garantiza los siguientes t\u00e9rminos de garant\u00eda para sus productos:<\/p>\n<p style=\"text-align: center;\"><span style=\"font-size: 100%;\"><strong><span style=\"color: #ffffff;\">CONDICIONES DE VENTA<\/span><\/strong><\/span><\/p>\n<p style=\"text-align: center;\">a) Para las ATI y los tableros de distribuci\u00f3n de energ\u00eda: <strong>10 a\u00f1os<\/strong><br \/>\nb) Para todos los productos certificados: <strong>5 a\u00f1os<\/strong><br \/>\nc) Para el Regulador de Intensidad: <strong>2 a\u00f1os<\/strong><br \/>\nd) Para todos los dem\u00e1s productos: <strong>3 a\u00f1os<\/strong><\/p>\n<\/div>\n<div id=\"gtx-trans\" style=\"position: absolute; left: 828px; top: 24.3906px;\">\n<div class=\"gtx-trans-icon\"><\/div>\n<\/div>\n[\/vc_column_text][vc_custom_heading text=\u00bbHacemos env\u00edos a todo el territorio nacional\u00bb font_container=\u00bbtag:h2|font_size:20|text_align:center\u00bb google_fonts=\u00bbfont_family:Montserrat%3Aregular%2C700|font_style:700%20bold%20regular%3A700%3Anormal\u00bb css_animation=\u00bbnone\u00bb css=\u00bb.vc_custom_1558706174341{padding-bottom: 10px !important;}\u00bb][vc_separator color=\u00bbcustom\u00bb el_width=\u00bb60&#8243; accent_color=\u00bb#f8ac19&#8243; css=\u00bb.vc_custom_1558706181022{margin-top: -15px !important;}\u00bb][vc_column_text css=\u00bb.vc_custom_1558706188741{margin-top: -25px !important;}\u00bb]\n<div class=\"vc_tta-panel-heading\">\n<div class=\"vc_tta-panel-heading\">\n<p class=\"vc_tta-panel-title vc_tta-controls-icon-position-left\" style=\"text-align: center;\">Valor m\u00ednimo de pedido para el franqueo pagado<strong style=\"font-size: 85%;\">: 300 EUROS + IVA<\/strong><\/p>\n<\/div>\n<\/div>\n[\/vc_column_text][\/vc_column][\/vc_row][vc_row full_width=\u00bbstretch_row\u00bb gap=\u00bb15&#8243; css=\u00bb.vc_custom_1558610116926{margin-top: -75px !important;margin-bottom: -30px !important;background-position: 0 0 !important;background-repeat: no-repeat !important;}\u00bb][vc_column][vc_empty_space height=\u00bb25&#8243;][vc_custom_heading text=\u00bbD\u00c9JENOS UN MENSAJE\u00bb font_container=\u00bbtag:h2|font_size:20|text_align:center\u00bb google_fonts=\u00bbfont_family:Montserrat%3Aregular%2C700|font_style:700%20bold%20regular%3A700%3Anormal\u00bb css_animation=\u00bbnone\u00bb css=\u00bb.vc_custom_1558706057194{padding-bottom: 10px !important;}\u00bb][vc_separator color=\u00bbcustom\u00bb style=\u00bbdouble\u00bb el_width=\u00bb80&#8243; accent_color=\u00bb#f8ac19&#8243; css=\u00bb.vc_custom_1558706062581{margin-top: -15px !important;}\u00bb][vc_column_text]<div class=\"forminator-ui forminator-custom-form forminator-custom-form-23129 forminator-design--default  forminator_ajax\" data-forminator-render=\"0\" data-form=\"forminator-module-23129\" data-uid=\"69e19536715c6\"><br\/><\/div><form\n\t\t\t\tid=\"forminator-module-23129\"\n\t\t\t\tclass=\"forminator-ui forminator-custom-form forminator-custom-form-23129 forminator-design--default  forminator_ajax\"\n\t\t\t\tmethod=\"post\"\n\t\t\t\tdata-forminator-render=\"0\"\n\t\t\t\tdata-form-id=\"23129\"\n\t\t\t\t data-color-option=\"theme\" data-design=\"default\" data-grid=\"open\" style=\"display: none;\"\n\t\t\t\tdata-uid=\"69e19536715c6\"\n\t\t\t><div role=\"alert\" aria-live=\"polite\" class=\"forminator-response-message forminator-error\" aria-hidden=\"true\"><\/div><div class=\"forminator-row\"><div id=\"name-1\" class=\"forminator-field-name forminator-col forminator-col-4 \"><div class=\"forminator-field\"><label for=\"forminator-field-name-1_69e19536715c6\" id=\"forminator-field-name-1_69e19536715c6-label\" class=\"forminator-label\">Nombre <span class=\"forminator-required\">*<\/span><\/label><input type=\"text\" name=\"name-1\" value=\"\" placeholder=\"\" id=\"forminator-field-name-1_69e19536715c6\" class=\"forminator-input forminator-name--field\" aria-required=\"true\" autocomplete=\"name\" \/><\/div><\/div><div id=\"email-1\" class=\"forminator-field-email forminator-col forminator-col-4 \"><div class=\"forminator-field\"><label for=\"forminator-field-email-1_69e19536715c6\" id=\"forminator-field-email-1_69e19536715c6-label\" class=\"forminator-label\">Correo electr\u00f3nico <span class=\"forminator-required\">*<\/span><\/label><input type=\"email\" name=\"email-1\" value=\"\" placeholder=\"\" id=\"forminator-field-email-1_69e19536715c6\" class=\"forminator-input forminator-email--field\" data-required=\"true\" aria-required=\"true\" autocomplete=\"email\" \/><\/div><\/div><div id=\"phone-1\" class=\"forminator-field-phone forminator-col forminator-col-4 \"><div class=\"forminator-field\"><label for=\"forminator-field-phone-1_69e19536715c6\" id=\"forminator-field-phone-1_69e19536715c6-label\" class=\"forminator-label\">Tel\u00e9fono<\/label><input type=\"text\" name=\"phone-1\" value=\"\" placeholder=\"\" id=\"forminator-field-phone-1_69e19536715c6\" class=\"forminator-input forminator-field--phone\" data-required=\"\" aria-required=\"false\" autocomplete=\"off\" \/><\/div><\/div><\/div><div class=\"forminator-row\"><div id=\"textarea-1\" class=\"forminator-field-textarea forminator-col forminator-col-12 \"><div class=\"forminator-field\"><label for=\"forminator-field-textarea-1_69e19536715c6\" id=\"forminator-field-textarea-1_69e19536715c6-label\" class=\"forminator-label\">Mensaje <span class=\"forminator-required\">*<\/span><\/label><span id=\"forminator-field-textarea-1_69e19536715c6-description\" class=\"forminator-description\"><span data-limit=\"200\" data-type=\"characters\" data-editor=\"\">0 \/ 200<\/span><\/span><textarea name=\"textarea-1\" placeholder=\"\" id=\"forminator-field-textarea-1_69e19536715c6\" class=\"forminator-textarea\" rows=\"6\" style=\"min-height:140px;\" maxlength=\"200\" ><\/textarea><\/div><\/div><\/div><div class=\"forminator-row\" style=\"margin: 0;\"><div id=\"captcha-1\" class=\"forminator-field-captcha  forminator-col-12 \"><div class=\"forminator-captcha-left forminator-g-recaptcha recaptcha-invisible\" data-theme=\"light\" data-badge=\"bottomright\" data-sitekey=\"6Ld49mIrAAAAAFb8eqoXz0jWJJsYBtp0kgNJrsD3\" data-size=\"invisible\"><\/div> <\/div><\/div><input type=\"hidden\" name=\"referer_url\" value=\"\" \/><div class=\"forminator-row forminator-row-last\"><div class=\"forminator-col\"><div class=\"forminator-field\"><button class=\"forminator-button forminator-button-submit\">Enviar<\/button><\/div><\/div><\/div><input type=\"hidden\" id=\"forminator_nonce\" name=\"forminator_nonce\" value=\"5662be3f27\" \/><input type=\"hidden\" name=\"_wp_http_referer\" value=\"\/es\/wp-json\/wp\/v2\/pages\/17265\" \/><input type=\"hidden\" name=\"form_id\" value=\"23129\"><input type=\"hidden\" name=\"page_id\" value=\"17265\"><input type=\"hidden\" name=\"form_type\" value=\"default\"><input type=\"hidden\" name=\"current_url\" value=\"https:\/\/jsl-online.com\/es\/contactos\/\"><input type=\"hidden\" name=\"render_id\" value=\"0\"><input type=\"hidden\" name=\"action\" value=\"forminator_submit_form_custom-forms\"><\/form>[\/vc_column_text][\/vc_column][\/vc_row][vc_row][vc_column][vc_separator color=\u00bbcustom\u00bb style=\u00bbdashed\u00bb accent_color=\u00bb#f8ac19&#8243; css=\u00bb.vc_custom_1558609090397{margin-top: -25px !important;}\u00bb][vc_row_inner][vc_column_inner width=\u00bb1\/6&#8243;][\/vc_column_inner][vc_column_inner width=\u00bb2\/3&#8243;][vc_column_text css=\u00bb.vc_custom_1730805711236{margin-top: -25px !important;margin-bottom: -25px !important;}\u00bb]\n<div class=\"vc_tta-panel-heading\">\n<div class=\"vc_tta-panel-heading\">\n<div class=\"vc_tta-panel-heading\">\n<p class=\"vc_tta-panel-title vc_tta-controls-icon-position-left\" style=\"text-align: center;\"><span style=\"font-size: 75%;\">JSL se reserva el derecho de cambiar cualquier caracter\u00edstica, embalaje y precio sin previo aviso.<br \/>\nLos precios mostrados en las tablas son: Unidad y en cantidades por paquete seg\u00fan el cat\u00e1logo 2023\/2024<\/span><br \/>\n<strong><span style=\"font-size: 75%;\">Para pedidos con otras cantidades por paquete, por favor consulte a JSL<br \/>\n<\/span><\/strong><\/p>\n<hr \/>\n<p style=\"text-align: center;\"><span style=\"font-size: 75%;\">Gama de productos de JSL<br \/>\n<\/span><span style=\"font-size: 80%;\"><strong>Exclusi\u00f3n de responsabilidad<br \/>\nExclusi\u00f3n y limitaci\u00f3n de la responsabilidad, exclusi\u00f3n de una pena contractual<\/strong><\/span><\/p>\n<p style=\"text-align: center;\"><span style=\"font-size: 75%;\">JSL, Material El\u00e9ctrico SA y sus representantes locales no son responsables de la mala instalaci\u00f3n y el mal uso de los productos de JSL y de la gama de productos no instalados de acuerdo con los manuales de instalaci\u00f3n y la capacidad nominal.<\/span><\/p>\n<\/div>\n<p style=\"text-align: center;\"><span style=\"font-size: 75%;\">JSL, Material El\u00e9ctrico SA y sus representantes locales no son responsables de los da\u00f1os causados por negligencia, o por un dise\u00f1o inadecuado de la infraestructura del edificio el\u00e9ctrico o de telecomunicaciones capaz de evitar el correcto y perfecto funcionamiento de las soluciones JSL instaladas.<\/span><\/p>\n<p>&nbsp;<\/p>\n<div class=\"vc_tta-panel-heading\">\n<p>&nbsp;<\/p>\n<\/div>\n<\/div>\n<\/div>\n[\/vc_column_text][\/vc_column_inner][vc_column_inner width=\u00bb1\/6&#8243;][\/vc_column_inner][\/vc_row_inner][\/vc_column][\/vc_row][vc_row][vc_column][vc_empty_space height=\u00bb100px\u00bb][\/vc_column][\/vc_row]\n<\/div>","protected":false},"excerpt":{"rendered":"[vc_row full_width=\u00bbstretch_row_content\u00bb css=\u00bb.vc_custom_1558362351302{margin-top: -30px !important;margin-bottom: 15px !important;padding-top: 25px !important;padding-bottom: 25px !important;background-image: url(https:\/\/jsl-online.com\/wp-content\/uploads\/2019\/05\/header-contactos-wide.png?id=3683) !important;background-position: center !important;background-repeat: no-repeat !important;background-size: cover !important;}\u00bb][vc_column css=\u00bb.vc_custom_1557140385615{margin-top: 30px !important;border-bottom-width: 15px !important;}\u00bb][vc_custom_heading text=\u00bbCONTACTOS\u00bb font_container=\u00bbtag:h1|font_size:28|text_align:center\u00bb google_fonts=\u00bbfont_family:Montserrat%3Aregular%2C700|font_style:400%20regular%3A400%3Anormal\u00bb css_animation=\u00bbnone\u00bb css=\u00bb.vc_custom_1557414781537{margin-top: -35px !important;padding-bottom: 25px !important;}\u00bb][\/vc_column][\/vc_row][vc_row full_width=\u00bbstretch_row_content_no_spaces\u00bb css=\u00bb.vc_custom_1558354674146{margin-top: -50px !important;}\u00bb][vc_column][vc_column_text][\/vc_column_text][\/vc_column][\/vc_row][vc_row full_width=\u00bbstretch_row\u00bb gap=\u00bb15&#8243; css=\u00bb.vc_custom_1558608506310{margin-top: -35px !important;padding-bottom: 10px !important;background-position: 0 0 !important;background-repeat: no-repeat !important;}\u00bb][vc_column width=\u00bb1\/2&#8243;][vc_custom_heading text=\u00bbC\u00d3MO ENCONTRARNOS\u00bb font_container=\u00bbtag:h2|font_size:20|text_align:center\u00bb google_fonts=\u00bbfont_family:Montserrat%3Aregular%2C700|font_style:700%20bold%20regular%3A700%3Anormal\u00bb css_animation=\u00bbnone\u00bb [&#8230;]\n","protected":false},"author":1001011,"featured_media":19589,"parent":0,"menu_order":0,"comment_status":"closed","ping_status":"closed","template":"","meta":{"footnotes":""},"class_list":["post-17265","page","type-page","status-publish","has-post-thumbnail","hentry"],"_links":{"self":[{"href":"https:\/\/jsl-online.com\/es\/wp-json\/wp\/v2\/pages\/17265","targetHints":{"allow":["GET"]}}],"collection":[{"href":"https:\/\/jsl-online.com\/es\/wp-json\/wp\/v2\/pages"}],"about":[{"href":"https:\/\/jsl-online.com\/es\/wp-json\/wp\/v2\/types\/page"}],"author":[{"embeddable":true,"href":"https:\/\/jsl-online.com\/es\/wp-json\/wp\/v2\/users\/1001011"}],"replies":[{"embeddable":true,"href":"https:\/\/jsl-online.com\/es\/wp-json\/wp\/v2\/comments?post=17265"}],"version-history":[{"count":6,"href":"https:\/\/jsl-online.com\/es\/wp-json\/wp\/v2\/pages\/17265\/revisions"}],"predecessor-version":[{"id":23141,"href":"https:\/\/jsl-online.com\/es\/wp-json\/wp\/v2\/pages\/17265\/revisions\/23141"}],"wp:featuredmedia":[{"embeddable":true,"href":"https:\/\/jsl-online.com\/es\/wp-json\/wp\/v2\/media\/19589"}],"wp:attachment":[{"href":"https:\/\/jsl-online.com\/es\/wp-json\/wp\/v2\/media?parent=17265"}],"curies":[{"name":"wp","href":"https:\/\/api.w.org\/{rel}","templated":true}]}}