{"id":12397,"date":"2020-09-30T14:05:00","date_gmt":"2020-09-30T13:05:00","guid":{"rendered":"https:\/\/jsl-online.com\/a-propos-de-nous\/"},"modified":"2023-06-06T10:22:12","modified_gmt":"2023-06-06T09:22:12","slug":"a-propos-de-nous","status":"publish","type":"page","link":"https:\/\/jsl-online.com\/fr\/a-propos-de-nous\/","title":{"rendered":"\u00c0 PROPOS DE NOUS"},"content":{"rendered":"<div class=\"wpb-content-wrapper\">[vc_row full_width=\u00a0\u00bbstretch_row_content\u00a0\u00bb css=\u00a0\u00bb.vc_custom_1558362351302{margin-top: -30px !important;margin-bottom: 15px !important;padding-top: 25px !important;padding-bottom: 25px !important;background-image: url(https:\/\/jsl-online.com\/wp-content\/uploads\/2019\/05\/header-contactos-wide.png?id=3683) !important;background-position: center !important;background-repeat: no-repeat !important;background-size: cover !important;}\u00a0\u00bb][vc_column css=\u00a0\u00bb.vc_custom_1557140385615{margin-top: 30px !important;border-bottom-width: 15px !important;}\u00a0\u00bb][vc_custom_heading text=\u00a0\u00bb\u00c0 PROPOS DE NOUS\u00a0\u00bb font_container=\u00a0\u00bbtag:h1|font_size:28|text_align:center\u00a0\u00bb google_fonts=\u00a0\u00bbfont_family:Montserrat%3Aregular%2C700|font_style:400%20regular%3A400%3Anormal\u00a0\u00bb css_animation=\u00a0\u00bbnone\u00a0\u00bb css=\u00a0\u00bb.vc_custom_1570179751265{margin-top: -35px !important;padding-bottom: 25px !important;}\u00a0\u00bb][\/vc_column][\/vc_row][vc_row full_width=\u00a0\u00bbstretch_row_content\u00a0\u00bb content_placement=\u00a0\u00bbtop\u00a0\u00bb bg_type=\u00a0\u00bbu_iframe\u00a0\u00bb u_video_url=\u00a0\u00bbhttps:\/\/www.youtube.com\/watch?v=VU1E2T2ieFA\u00a0\u00bb video_opts=\u00a0\u00bbloop,muted\u00a0\u00bb bg_override=\u00a0\u00bbex-full\u00a0\u00bb css=\u00a0\u00bb.vc_custom_1570466789407{margin-top: -35px !important;}\u00a0\u00bb][vc_column][vc_empty_space height=\u00a0\u00bb500px\u00a0\u00bb][\/vc_column][\/vc_row][vc_row content_placement=\u00a0\u00bbmiddle\u00a0\u00bb css=\u00a0\u00bb.vc_custom_1570723900505{padding-top: 50px !important;}\u00a0\u00bb][vc_column][vc_column_text]<img loading=\"lazy\" decoding=\"async\" class=\"size-full wp-image-12381 alignright\" src=\"http:\/\/jsl-online.com\/wp-content\/uploads\/2019\/05\/jslfactory01.png\" alt=\"\" width=\"561\" height=\"283\"><\/p>\n<p>Chez JSL, nous nous consacrons \u00e0 la fabrication d&rsquo;excellents produits. Notre philosophie est centr\u00e9e sur l&rsquo;\u00e9coute de nos clients pour offrir des produits de haute qualit\u00e9 qui d\u00e9passent leurs attentes.<\/p>\n<p>En tant qu&rsquo;entreprise comp\u00e9titive, nous nous effor\u00e7ons d&rsquo;anticiper les besoins de nos clients et de les inspirer avec nos produits. Nous analysons continuellement nos produits pour nous assurer qu&rsquo;ils r\u00e9pondent aux normes les plus \u00e9lev\u00e9es en mati\u00e8re de qualit\u00e9, de s\u00e9curit\u00e9 et de durabilit\u00e9. Pour y parvenir, nous nous appuyons sur l&rsquo;expertise de notre \u00e9quipe de concepteurs, d&rsquo;architectes, de constructeurs, d&rsquo;installateurs et d&rsquo;autres professionnels du secteur.<\/p>\n<p>Notre engagement envers l&rsquo;excellence se refl\u00e8te dans les produits pr\u00e9sent\u00e9s dans notre catalogue. Chaque produit est fabriqu\u00e9 selon les normes de qualit\u00e9 les plus \u00e9lev\u00e9es et est con\u00e7u pour \u00eatre facile \u00e0 installer, \u00e0 utiliser et \u00e0 entretenir. Ces facteurs ont valu \u00e0 la marque JSL une r\u00e9putation de qualit\u00e9 de longue date sur le march\u00e9.<\/p>\n<p>Pour garantir une livraison et une disponibilit\u00e9 dans les d\u00e9lais, nous avons investi dans les derni\u00e8res technologies de l&rsquo;information afin de traiter les commandes efficacement et rapidement. Nous avons \u00e9galement int\u00e9gr\u00e9 l&rsquo;\u00e9volution technologique comme un \u00e9l\u00e9ment essentiel de notre philosophie, en en faisant un pilier de notre d\u00e9veloppement. Ceci, associ\u00e9 \u00e0 notre engagement envers nos employ\u00e9s, nous aide \u00e0 rester \u00e0 l&rsquo;avant-garde de notre secteur.[\/vc_column_text][\/vc_column][\/vc_row][vc_row][vc_column][vc_empty_space height=\u00a0\u00bb15&Prime;][vc_custom_heading text=\u00a0\u00bbJSL &#8211; DES D\u00c9BUTS \u00c0 AUJOURD&rsquo;HUI\u00a0\u00bb font_container=\u00a0\u00bbtag:h2|font_size:20|text_align:center\u00a0\u00bb google_fonts=\u00a0\u00bbfont_family:Montserrat%3Aregular%2C700|font_style:700%20bold%20regular%3A700%3Anormal\u00a0\u00bb css_animation=\u00a0\u00bbnone\u00a0\u00bb css=\u00a0\u00bb.vc_custom_1570181298538{padding-bottom: 10px !important;}\u00a0\u00bb][vc_separator color=\u00a0\u00bbcustom\u00a0\u00bb style=\u00a0\u00bbdouble\u00a0\u00bb el_width=\u00a0\u00bb50&Prime; accent_color=\u00a0\u00bb#f8ac19&Prime; css=\u00a0\u00bb.vc_custom_1570181196952{margin-top: -15px !important;}\u00a0\u00bb][vc_column_text]<img loading=\"lazy\" decoding=\"async\" class=\"size-full wp-image-12383 alignright\" src=\"http:\/\/jsl-online.com\/wp-content\/uploads\/2019\/05\/jsl1958.png\" alt=\"\" width=\"267\" height=\"177\"><\/p>\n<p>Il y a plus de cinquante ans, la famille Thorbj\u00f6rnsen a fond\u00e9 JSL, anticipant une demande croissante de mat\u00e9riel \u00e9lectrique sur le march\u00e9 national.<\/p>\n<p>Au d\u00e9part, l&rsquo;entreprise produisait des fiches et des prises \u00e9lectriques \u00e0 usage domestique, ainsi que du mat\u00e9riel d&rsquo;\u00e9clairage \u00e0 petite \u00e9chelle dans les ann\u00e9es 1960. \u00c0 la fin de la d\u00e9cennie, JSL avait \u00e9tabli sa premi\u00e8re usine et d\u00e9velopp\u00e9 de nouvelles lignes de produits, notamment pour les installations \u00e9lectriques \u00e0 basse tension.<\/p>\n<p>Alors qu&rsquo;elle se concentrait initialement sur le march\u00e9 national et les ex-colonies, JSL a reconnu les opportunit\u00e9s offertes par l&rsquo;entr\u00e9e du Portugal dans l&rsquo;Union europ\u00e9enne dans les ann\u00e9es 1980. Malgr\u00e9 les difficult\u00e9s li\u00e9es \u00e0 l&rsquo;exportation pendant une p\u00e9riode de r\u00e9cession \u00e9conomique, d&rsquo;augmentation des importations et d&rsquo;accroissement de la dette ext\u00e9rieure, JSL a investi dans une nouvelle usine, \u00e9largi ses lignes de produits et \u00e9labor\u00e9 une nouvelle strat\u00e9gie pour atteindre les march\u00e9s \u00e9trangers.<\/p>\n<p>L&rsquo;investissement de JSL a port\u00e9 ses fruits, et l&rsquo;entreprise a gagn\u00e9 en reconnaissance et en succ\u00e8s sur le march\u00e9 international. Aujourd&rsquo;hui, JSL est une marque mondiale bien \u00e9tablie et respect\u00e9e, qui a la r\u00e9putation de produire des mat\u00e9riaux \u00e9lectriques de haute qualit\u00e9. L&rsquo;engagement de l&rsquo;entreprise en faveur de l&rsquo;innovation et de la satisfaction des clients continue d&rsquo;\u00eatre le moteur de son succ\u00e8s, en s&rsquo;appuyant sur les bases pos\u00e9es par la famille Thorbj\u00f6rnsen il y a plus de cinquante ans.[\/vc_column_text][\/vc_column][\/vc_row][vc_row][vc_column][vc_empty_space height=\u00a0\u00bb15&Prime;][vc_custom_heading text=\u00a0\u00bbSTRUCTURATION DE L\u2019OFFRE ET SA MISE SUR LE MARCH\u00c9\u00a0\u00bb font_container=\u00a0\u00bbtag:h2|font_size:20|text_align:center\u00a0\u00bb google_fonts=\u00a0\u00bbfont_family:Montserrat%3Aregular%2C700|font_style:700%20bold%20regular%3A700%3Anormal\u00a0\u00bb css_animation=\u00a0\u00bbnone\u00a0\u00bb css=\u00a0\u00bb.vc_custom_1570181353906{padding-bottom: 10px !important;}\u00a0\u00bb][vc_separator color=\u00a0\u00bbcustom\u00a0\u00bb style=\u00a0\u00bbdouble\u00a0\u00bb el_width=\u00a0\u00bb80&Prime; accent_color=\u00a0\u00bb#f8ac19&Prime; css=\u00a0\u00bb.vc_custom_1570181361773{margin-top: -15px !important;}\u00a0\u00bb][vc_column_text]<span style=\"font-weight: 400;\">JSL a une forte pr\u00e9sence mondiale dans plus de 50 pays, offrant une gamme vari\u00e9e de produits de haute qualit\u00e9 pour les installations \u00e9lectriques et de t\u00e9l\u00e9communications, y compris :<\/span><\/p>\n<ul>\n<li><img loading=\"lazy\" decoding=\"async\" class=\"wp-image-12385 alignright\" src=\"http:\/\/jsl-online.com\/wp-content\/uploads\/2019\/10\/CabazProdutosInstitucional_long-400x400.png\" alt=\"\" width=\"500\" height=\"500\" srcset=\"https:\/\/jsl-online.com\/wp-content\/uploads\/2019\/10\/CabazProdutosInstitucional_long-400x400.png 400w, https:\/\/jsl-online.com\/wp-content\/uploads\/2019\/10\/CabazProdutosInstitucional_long-280x280.png 280w, https:\/\/jsl-online.com\/wp-content\/uploads\/2019\/10\/CabazProdutosInstitucional_long.png 500w\" sizes=\"auto, (max-width: 500px) 100vw, 500px\" \/>Postes de travail;<\/li>\n<li>Goulottes et accessoires;<\/li>\n<li>Interrupteurs et prises;<\/li>\n<li>Prises et fiches industrielles;<\/li>\n<li>Bo\u00eetiers de d\u00e9rivation, presse-\u00e9toupes et connecteurs;<\/li>\n<li>Bo\u00eetes pour installations sp\u00e9ciales;<\/li>\n<li>Connecteurs et barrettes de connexion;<\/li>\n<li>Bo\u00eetes encastrables;<\/li>\n<li>Tableaux de distribution;<\/li>\n<li>Tableaux et bo\u00eetiers de distribution;<\/li>\n<li>Mat\u00e9riaux de fixation;<\/li>\n<li>Conduits et accessoires;<\/li>\n<li>\u00c9clairage;<\/li>\n<li>Armoires.<\/li>\n<\/ul>\n<p><span style=\"font-weight: 400;\">JSL est tr\u00e8s fi\u00e8re de la qualit\u00e9 de ses produits et est certifi\u00e9e ISO 9001:2015 pour son syst\u00e8me de gestion de la qualit\u00e9 depuis 1993, ce qui en fait l&rsquo;une des premi\u00e8res entreprises du Portugal \u00e0 y parvenir. En outre, tous les produits couverts par les directives applicables portent le marquage CE, comme l&rsquo;exige la loi. JSL va encore plus loin dans son engagement envers la qualit\u00e9, la plupart de ses gammes de produits \u00e9tant certifi\u00e9es par des organismes nationaux et internationaux r\u00e9put\u00e9s tels que :<\/span><\/p>\n<ul>\n<li>CERTIF &#8211; Associa\u00e7\u00e3o para a Certifica\u00e7\u00e3o de Produtos (Nacional) &#8211; Marca CERTIF ;<\/li>\n<li>LCIE &#8211; Laborat\u00f3rio Central das Ind\u00fastrias El\u00e9ctricas (Fran\u00e7a) &#8211; Marca NF ;<\/li>\n<li>VDE &#8211; Instituto de Certifica\u00e7\u00e3o Alem\u00e3o de produtos el\u00e9ctricos &#8211; Marca VDE ;<\/li>\n<li>DEKRA &#8211; Instituto de Certifica\u00e7\u00e3o Holand\u00eas &#8211; Marca KEMA-KEUR ;<\/li>\n<\/ul>\n<p>Intertek-SEMKO &#8211; Organisme international pour l&rsquo;attribution de la marque de qualit\u00e9 su\u00e9doise SEMKO<\/p>\n<p><span style=\"font-weight: 400;\">JSL est convaincue que ses produits sont bien positionn\u00e9s sur les march\u00e9s professionnels et domestiques, et s&rsquo;engage \u00e0 maintenir les normes de qualit\u00e9 les plus \u00e9lev\u00e9es tout en \u00e9tendant sa port\u00e9e \u00e0 de nouveaux march\u00e9s.<\/span>[\/vc_column_text][\/vc_column][\/vc_row][vc_row][vc_column][vc_empty_space height=\u00a0\u00bb15&Prime;][vc_custom_heading text=\u00a0\u00bbJSL ET L&rsquo;ENVIRONNEMENT\u00a0\u00bb font_container=\u00a0\u00bbtag:h2|font_size:20|text_align:center\u00a0\u00bb google_fonts=\u00a0\u00bbfont_family:Montserrat%3Aregular%2C700|font_style:700%20bold%20regular%3A700%3Anormal\u00a0\u00bb css_animation=\u00a0\u00bbnone\u00a0\u00bb css=\u00a0\u00bb.vc_custom_1570182599578{padding-bottom: 10px !important;}\u00a0\u00bb][vc_separator color=\u00a0\u00bbcustom\u00a0\u00bb style=\u00a0\u00bbdouble\u00a0\u00bb el_width=\u00a0\u00bb40&Prime; accent_color=\u00a0\u00bb#f8ac19&Prime; css=\u00a0\u00bb.vc_custom_1570182652376{margin-top: -15px !important;}\u00a0\u00bb][vc_column_text]<img loading=\"lazy\" decoding=\"async\" class=\"alignright wp-image-15392\" src=\"http:\/\/jsl-online.com\/wp-content\/uploads\/2019\/07\/GreenHalo.png\" alt=\"\" width=\"300\" height=\"211\"><\/p>\n<p>JSL s&rsquo;engage en faveur de la responsabilit\u00e9 environnementale et croit en un d\u00e9veloppement plus durable de la plan\u00e8te, ainsi qu&rsquo;en la pr\u00e9servation de son environnement. Nous reconnaissons qu&rsquo;il est de notre devoir de prendre des mesures sp\u00e9ciales pour minimiser l&rsquo;impact environnemental de nos op\u00e9rations. Par cons\u00e9quent, nous nous effor\u00e7ons de r\u00e9utiliser, recycler, rationaliser et r\u00e9duire la consommation dans tous les aspects de notre activit\u00e9.<\/p>\n<p>Nous privil\u00e9gions les meilleures pratiques de gestion environnementale et nous nous conformons aux exigences des normes environnementales en vigueur. Notre \u00e9quipe se concentre constamment sur l&rsquo;impact environnemental de nos processus de fabrication, en discute, le valorise et le prend en consid\u00e9ration afin de mettre en \u0153uvre les meilleures pratiques.<\/p>\n<p>En tant qu&rsquo;organisation, nous sommes inspir\u00e9s par la beaut\u00e9 et la magnificence de la nature, et nous nous effor\u00e7ons de la pr\u00e9server pour les g\u00e9n\u00e9rations futures. Nous reconnaissons que nous avons un pr\u00eat temporaire sur cette plan\u00e8te et que nous devons l\u00e9guer un environnement durable \u00e0 nos enfants.[\/vc_column_text][vc_empty_space height=\u00a0\u00bb25&Prime;][\/vc_column][\/vc_row][vc_row][vc_column][vc_empty_space height=\u00a0\u00bb15&Prime;][vc_custom_heading text=\u00a0\u00bbPolitique de qualit\u00e9 et d&rsquo;environnement de JSL Material El\u00e9ctrico\u00a0\u00bb font_container=\u00a0\u00bbtag:h2|font_size:20|text_align:center\u00a0\u00bb google_fonts=\u00a0\u00bbfont_family:Montserrat%3Aregular%2C700|font_style:700%20bold%20regular%3A700%3Anormal\u00a0\u00bb css_animation=\u00a0\u00bbnone\u00a0\u00bb css=\u00a0\u00bb.vc_custom_1658312924750{padding-bottom: 10px !important;}\u00a0\u00bb][vc_separator color=\u00a0\u00bbcustom\u00a0\u00bb style=\u00a0\u00bbdouble\u00a0\u00bb el_width=\u00a0\u00bb40&Prime; accent_color=\u00a0\u00bb#f8ac19&Prime; css=\u00a0\u00bb.vc_custom_1570182652376{margin-top: -15px !important;}\u00a0\u00bb][vc_row_inner][vc_column_inner][vc_column_text]<b>VISION<\/b><\/p>\n<p><span style=\"font-weight: 400;\">Chez JSL, nous nous effor\u00e7ons d&rsquo;adopter une approche commerciale globale et int\u00e9gr\u00e9e qui r\u00e9pond aux besoins de notre march\u00e9, ce qui se traduit par une p\u00e9n\u00e9tration efficace sur les march\u00e9s nationaux et internationaux, et par la stabilit\u00e9 de nos positions.<\/span><\/p>\n<p><span style=\"font-weight: 400;\">Notre exp\u00e9rience accumul\u00e9e et notre expertise dans diverses technologies nous permettent de fournir des solutions innovantes et adapt\u00e9es qui r\u00e9pondent aux besoins sp\u00e9cifiques de nos clients, ce qui conduit \u00e0 des niveaux plus \u00e9lev\u00e9s de satisfaction du client.<\/span><\/p>\n<p><b>MISSION<\/b><\/p>\n<p><span style=\"font-weight: 400;\">Notre mission est de fournir \u00e0 nos clients des produits innovants et certifi\u00e9s qui r\u00e9pondent \u00e0 leurs besoins sp\u00e9cifiques. Nous visons \u00e0 fournir un excellent service apr\u00e8s-vente pour r\u00e9pondre aux exigences d&rsquo;assistance de nos clients. Nous investissons dans la diversification des march\u00e9s et des produits, en mettant l&rsquo;accent sur l&rsquo;internationalisation de JSL.<\/span><\/p>\n<p><b>VALEURS<\/b><\/p>\n<p><span style=\"font-weight: 400;\">Chez JSL, nous avons les valeurs suivantes :<\/span><\/p>\n<ul>\n<li style=\"font-weight: 400;\" aria-level=\"1\"><span style=\"font-weight: 400;\">Le respect des d\u00e9lais et des valeurs convenus.<\/span><\/li>\n<li style=\"font-weight: 400;\" aria-level=\"1\"><span style=\"font-weight: 400;\">La qualit\u00e9, qui se manifeste par le respect scrupuleux des sp\u00e9cifications du client et par notre engagement \u00e0 offrir des produits certifi\u00e9s.<\/span><\/li>\n<li style=\"font-weight: 400;\" aria-level=\"1\"><span style=\"font-weight: 400;\">L&#8217;emploi stable pour nos travailleurs.<\/span><\/li>\n<li style=\"font-weight: 400;\" aria-level=\"1\"><span style=\"font-weight: 400;\">L&rsquo;\u00e9tablissement de relations \u00e9troites avec nos clients, bas\u00e9es sur la confiance, la comp\u00e9tence et le partenariat.<\/span><\/li>\n<li style=\"font-weight: 400;\" aria-level=\"1\"><span style=\"font-weight: 400;\">Le respect de l&rsquo;environnement et notre engagement \u00e0 promouvoir la durabilit\u00e9.<\/span><\/li>\n<\/ul>\n[\/vc_column_text][\/vc_column_inner][\/vc_row_inner][vc_btn title=\u00a0\u00bbDownload Doc. Politica Q&amp;A\u00a0\u00bb style=\u00a0\u00bbflat\u00a0\u00bb shape=\u00a0\u00bbsquare\u00a0\u00bb color=\u00a0\u00bbgreen\u00a0\u00bb i_icon_fontawesome=\u00a0\u00bbfa fa-certificate\u00a0\u00bb add_icon=\u00a0\u00bbtrue\u00a0\u00bb link=\u00a0\u00bburl:https%3A%2F%2Fdrive.google.com%2Ffile%2Fd%2F1XKyEfeKXJiDZ8FGhI_Iv_k-F84USv6Tk%2Fview%3Fusp%3Dsharing|title:Politica%20Q%26A||\u00a0\u00bb][vc_empty_space height=\u00a0\u00bb25&Prime;][\/vc_column][\/vc_row]\n<\/div>","protected":false},"excerpt":{"rendered":"[vc_row full_width=\u00a0\u00bbstretch_row_content\u00a0\u00bb css=\u00a0\u00bb.vc_custom_1558362351302{margin-top: -30px !important;margin-bottom: 15px !important;padding-top: 25px !important;padding-bottom: 25px !important;background-image: url(https:\/\/jsl-online.com\/wp-content\/uploads\/2019\/05\/header-contactos-wide.png?id=3683) !important;background-position: center !important;background-repeat: no-repeat !important;background-size: cover !important;}\u00a0\u00bb][vc_column css=\u00a0\u00bb.vc_custom_1557140385615{margin-top: 30px !important;border-bottom-width: 15px !important;}\u00a0\u00bb][vc_custom_heading text=\u00a0\u00bb\u00c0 PROPOS DE NOUS\u00a0\u00bb font_container=\u00a0\u00bbtag:h1|font_size:28|text_align:center\u00a0\u00bb google_fonts=\u00a0\u00bbfont_family:Montserrat%3Aregular%2C700|font_style:400%20regular%3A400%3Anormal\u00a0\u00bb css_animation=\u00a0\u00bbnone\u00a0\u00bb css=\u00a0\u00bb.vc_custom_1570179751265{margin-top: -35px !important;padding-bottom: 25px !important;}\u00a0\u00bb][\/vc_column][\/vc_row][vc_row full_width=\u00a0\u00bbstretch_row_content\u00a0\u00bb content_placement=\u00a0\u00bbtop\u00a0\u00bb bg_type=\u00a0\u00bbu_iframe\u00a0\u00bb u_video_url=\u00a0\u00bbhttps:\/\/www.youtube.com\/watch?v=VU1E2T2ieFA\u00a0\u00bb video_opts=\u00a0\u00bbloop,muted\u00a0\u00bb bg_override=\u00a0\u00bbex-full\u00a0\u00bb css=\u00a0\u00bb.vc_custom_1570466789407{margin-top: -35px !important;}\u00a0\u00bb][vc_column][vc_empty_space height=\u00a0\u00bb500px\u00a0\u00bb][\/vc_column][\/vc_row][vc_row content_placement=\u00a0\u00bbmiddle\u00a0\u00bb css=\u00a0\u00bb.vc_custom_1570723900505{padding-top: 50px !important;}\u00a0\u00bb][vc_column][vc_column_text] Chez JSL, nous nous consacrons [&#8230;]\n","protected":false},"author":1001011,"featured_media":12699,"parent":0,"menu_order":0,"comment_status":"closed","ping_status":"closed","template":"","meta":{"footnotes":""},"class_list":["post-12397","page","type-page","status-publish","has-post-thumbnail","hentry"],"_links":{"self":[{"href":"https:\/\/jsl-online.com\/fr\/wp-json\/wp\/v2\/pages\/12397","targetHints":{"allow":["GET"]}}],"collection":[{"href":"https:\/\/jsl-online.com\/fr\/wp-json\/wp\/v2\/pages"}],"about":[{"href":"https:\/\/jsl-online.com\/fr\/wp-json\/wp\/v2\/types\/page"}],"author":[{"embeddable":true,"href":"https:\/\/jsl-online.com\/fr\/wp-json\/wp\/v2\/users\/1001011"}],"replies":[{"embeddable":true,"href":"https:\/\/jsl-online.com\/fr\/wp-json\/wp\/v2\/comments?post=12397"}],"version-history":[{"count":2,"href":"https:\/\/jsl-online.com\/fr\/wp-json\/wp\/v2\/pages\/12397\/revisions"}],"predecessor-version":[{"id":22303,"href":"https:\/\/jsl-online.com\/fr\/wp-json\/wp\/v2\/pages\/12397\/revisions\/22303"}],"wp:featuredmedia":[{"embeddable":true,"href":"https:\/\/jsl-online.com\/fr\/wp-json\/wp\/v2\/media\/12699"}],"wp:attachment":[{"href":"https:\/\/jsl-online.com\/fr\/wp-json\/wp\/v2\/media?parent=12397"}],"curies":[{"name":"wp","href":"https:\/\/api.w.org\/{rel}","templated":true}]}}