{"id":12780,"date":"2020-10-03T22:07:47","date_gmt":"2020-10-03T21:07:47","guid":{"rendered":"https:\/\/jsl-online.com\/armoires\/"},"modified":"2023-06-06T11:16:21","modified_gmt":"2023-06-06T10:16:21","slug":"armoires","status":"publish","type":"page","link":"https:\/\/jsl-online.com\/fr\/armoires\/","title":{"rendered":"ARMOIRES"},"content":{"rendered":"<div class=\"wpb-content-wrapper\">[vc_row full_width=\u00a0\u00bbstretch_row_content\u00a0\u00bb bg_type=\u00a0\u00bbgrad\u00a0\u00bb bg_grad=\u00a0\u00bbbackground: -webkit-gradient(linear, left top, left bottom, color-stop(6%, #424242), color-stop(57%, #292929), color-stop(93%, #000000), color-stop(93%, #949598), color-stop(99%, #949598));background: -moz-linear-gradient(top,#424242 6%,#292929 57%,#000000 93%,#949598 93%,#949598 99%);background: -webkit-linear-gradient(top,#424242 6%,#292929 57%,#000000 93%,#949598 93%,#949598 99%);background: -o-linear-gradient(top,#424242 6%,#292929 57%,#000000 93%,#949598 93%,#949598 99%);background: -ms-linear-gradient(top,#424242 6%,#292929 57%,#000000 93%,#949598 93%,#949598 99%);background: linear-gradient(top,#424242 6%,#292929 57%,#000000 93%,#949598 93%,#949598 99%);\u00a0\u00bb css=\u00a0\u00bb.vc_custom_1557150699640{margin-top: -30px !important;margin-bottom: 15px !important;}\u00a0\u00bb][vc_column css=\u00a0\u00bb.vc_custom_1557140385615{margin-top: 30px !important;border-bottom-width: 15px !important;}\u00a0\u00bb][vc_custom_heading text=\u00a0\u00bbARMOIRES\u00a0\u00bb font_container=\u00a0\u00bbtag:h1|font_size:28|text_align:center\u00a0\u00bb google_fonts=\u00a0\u00bbfont_family:Montserrat%3Aregular%2C700|font_style:400%20regular%3A400%3Anormal\u00a0\u00bb css_animation=\u00a0\u00bbnone\u00a0\u00bb css=\u00a0\u00bb.vc_custom_1684839953617{margin-top: -35px !important;padding-bottom: 25px !important;}\u00a0\u00bb][\/vc_column][\/vc_row][vc_row full_width=\u00a0\u00bbstretch_row\u00a0\u00bb gap=\u00a0\u00bb10&Prime; equal_height=\u00a0\u00bbyes\u00a0\u00bb content_placement=\u00a0\u00bbtop\u00a0\u00bb parallax_content=\u00a0\u00bbparallax_content_value\u00a0\u00bb parallax_content_sense=\u00a0\u00bb30&Prime; css=\u00a0\u00bb.vc_custom_1557234894487{margin-top: -45px !important;margin-bottom: 30px !important;padding-top: 60px !important;}\u00a0\u00bb][vc_column css_animation=\u00a0\u00bbslideInUp\u00a0\u00bb width=\u00a0\u00bb1\/3&Prime; css=\u00a0\u00bb.vc_custom_1557399366515{background-color: #3c3c3c !important;border-radius: 5px !important;}\u00a0\u00bb][vc_custom_heading text=\u00a0\u00bbARMOIRES MURALES\u00a0\u00bb font_container=\u00a0\u00bbtag:h2|font_size:16|text_align:center|line_height:1&Prime; google_fonts=\u00a0\u00bbfont_family:Montserrat%3Aregular%2C700|font_style:700%20bold%20regular%3A700%3Anormal\u00a0\u00bb css_animation=\u00a0\u00bbnone\u00a0\u00bb][vc_separator color=\u00a0\u00bbcustom\u00a0\u00bb style=\u00a0\u00bbdouble\u00a0\u00bb el_width=\u00a0\u00bb90&Prime; css=\u00a0\u00bb.vc_custom_1557227438032{margin-bottom: -5px !important;}\u00a0\u00bb accent_color=\u00a0\u00bb#dda433&Prime;][vc_single_image image=\u00a0\u00bb13815&Prime; img_size=\u00a0\u00bb\u00a0\u00bb alignment=\u00a0\u00bbcenter\u00a0\u00bb onclick=\u00a0\u00bbcustom_link\u00a0\u00bb link=\u00a0\u00bbhttps:\/\/jsl-online.com\/fr\/armoires-murales\/\u00a0\u00bb]<div class=\"ult_exp_section_layer ult-adjust-bottom-margin  \" >\n\t\t<div id=\"uvc-exp-wrap-2488\" role=\"button\" tabindex=\"0\" aria-pressed=\"false\"  data-ultimate-target='#uvc-exp-wrap-2488'  data-responsive-json-new='{\"font-size\":\"desktop:20px;\",\"line-height\":\"desktop:20px;\"}'  class=\"ult_exp_section  ult-responsive \" style=\"color:#ffffff;background-color:rgba(255,255,255,0.05); font-weight:normal;margin-top:-35px;margin-bottom:-25px; text-align:center;\" data-textcolor=\"#ffffff\"data-texthover=\"#dda433\"data-icncolor=\"#ffffff\"data-ihover=\"#dda433\"data-height=\"0\"data-cntbg=\"rgba(255,255,255,0.05)\"data-cnthvrbg=\"#ffffff\"data-headerbg=\"rgba(255,255,255,0.05)\"data-headerhover=\"#ffffff\"data-title=\"Informations\"data-newtitle=\"Informations\"data-icon=\"Defaults-plus-circle\"data-newicon=\"Defaults-plus-circle\"data-activeicon=\"#dd9933\"data-effect=\"slideToggle\"data-override=\"0\"data-activetitle=\"#333333\"data-activebg=\"#ffffff\"data-img=\"\"data-newimg=\"\"><div class=\"ult_exp_section-main ult_expleft_icon\">\t<div class=\"ult-just-icon-wrapper ult_exp_icon\">\n\t\t\t\t\t<div class=\"align-icon \">\n\t\t\t\t\t\t\n<span class=\"aio-icon  none  ult_expsection_icon \"  style=\"color:#ffffff;font-size:20px;\">\n\t<i class=\"Defaults-plus-circle ult_ex_icon\"  ><\/i>\n<\/span>\n\t\t\t\t\t<\/div>\n\t\t\t\t<\/div>\n\t\t\t\t<div class=\"ult_expheader\" >Informations\n\t\t\t\t<\/div>\n\t\t\t<\/div>\n\t\t<\/div><div class=\"ult_exp_content \" style=\"background-color:#353535;padding-top:10px;padding-right:10px;padding-bottom:20px;padding-left:10px;margin-top:25px;\"><div class=\"ult_ecpsub_cont\" style=\" \" >[vc_column_text css=\u00a0\u00bb.vc_custom_1567696306869{margin-bottom: -5px !important;}\u00a0\u00bb]<span style=\"font-size: 80%;\">Armoires murales simples avec ventilation sup\u00e9rieure, panneaux lat\u00e9raux amovibles (charge maximum : 100 kg)<\/span>[\/vc_column_text]<\/div><\/div>\n\n\t\t\t<\/div><div class=\" vc_custom_1609171330019 ubtn-ctn-center \"><a class=\"ubtn-link ult-adjust-bottom-margin ubtn-center ubtn-custom \" href=\"https:\/\/jsl-online.com\/fr\/armoires-murales\/\" title=\"Armoires murales\" ><button type=\"button\" id=\"ubtn-7735\"  class=\"ubtn ult-adjust-bottom-margin ult-responsive ubtn-custom ubtn-center-hz-bg  ulta-grow  ubtn-center   tooltip-69e329f5248d2\"  data-hover=\"#ffffff\" data-border-color=\"\" data-bg=\"#dda433\" data-hover-bg=\"rgba(255,255,255,0.01)\" data-border-hover=\"\" data-shadow-hover=\"\" data-shadow-click=\"none\" data-shadow=\"\" data-shd-shadow=\"\"  data-ultimate-target='#ubtn-7735'  data-responsive-json-new='{\"font-size\":\"desktop:15px;\",\"line-height\":\"\"}'  style=\"font-weight:normal;width:240px;min-height:40px;padding:px px;border:none;background: #dda433;color: #eaeaea;\"><span class=\"ubtn-hover\" style=\"background-color:rgba(255,255,255,0.01)\"><\/span><span class=\"ubtn-data ubtn-text \" >Voir la page<\/span><\/button><\/a><\/div>[\/vc_column][vc_column css_animation=\u00a0\u00bbslideInUp\u00a0\u00bb width=\u00a0\u00bb1\/3&Prime; css=\u00a0\u00bb.vc_custom_1557399373253{background-color: #3c3c3c !important;border-radius: 5px !important;}\u00a0\u00bb][vc_custom_heading text=\u00a0\u00bbARMOIRE AU SOL IND\u00c9PENDANTE\u00a0\u00bb font_container=\u00a0\u00bbtag:h2|font_size:16|text_align:center|line_height:1&Prime; google_fonts=\u00a0\u00bbfont_family:Montserrat%3Aregular%2C700|font_style:700%20bold%20regular%3A700%3Anormal\u00a0\u00bb css_animation=\u00a0\u00bbnone\u00a0\u00bb][vc_separator color=\u00a0\u00bbcustom\u00a0\u00bb style=\u00a0\u00bbdouble\u00a0\u00bb el_width=\u00a0\u00bb90&Prime; css=\u00a0\u00bb.vc_custom_1557227438032{margin-bottom: -5px !important;}\u00a0\u00bb accent_color=\u00a0\u00bb#dda433&Prime;][vc_single_image image=\u00a0\u00bb12781&Prime; img_size=\u00a0\u00bb\u00a0\u00bb alignment=\u00a0\u00bbcenter\u00a0\u00bb onclick=\u00a0\u00bbcustom_link\u00a0\u00bb link=\u00a0\u00bbhttps:\/\/jsl-online.com\/fr\/armoire-au-sol-independante\/\u00a0\u00bb css=\u00a0\u00bb.vc_custom_1609171364081{margin-top: 5px !important;}\u00a0\u00bb]<div class=\"ult_exp_section_layer ult-adjust-bottom-margin  \" >\n\t\t<div id=\"uvc-exp-wrap-3302\" role=\"button\" tabindex=\"0\" aria-pressed=\"false\"  data-ultimate-target='#uvc-exp-wrap-3302'  data-responsive-json-new='{\"font-size\":\"desktop:20px;\",\"line-height\":\"desktop:20px;\"}'  class=\"ult_exp_section  ult-responsive \" style=\"color:#ffffff;background-color:rgba(255,255,255,0.05); font-weight:normal;margin-top:-40px;margin-bottom:-25px; text-align:center;\" data-textcolor=\"#ffffff\"data-texthover=\"#dda433\"data-icncolor=\"#ffffff\"data-ihover=\"#dda433\"data-height=\"0\"data-cntbg=\"rgba(255,255,255,0.05)\"data-cnthvrbg=\"#ffffff\"data-headerbg=\"rgba(255,255,255,0.05)\"data-headerhover=\"#ffffff\"data-title=\"Informations\"data-newtitle=\"Informations\"data-icon=\"Defaults-plus-circle\"data-newicon=\"Defaults-plus-circle\"data-activeicon=\"#dd9933\"data-effect=\"slideToggle\"data-override=\"0\"data-activetitle=\"#333333\"data-activebg=\"#ffffff\"data-img=\"\"data-newimg=\"\"><div class=\"ult_exp_section-main ult_expleft_icon\">\t<div class=\"ult-just-icon-wrapper ult_exp_icon\">\n\t\t\t\t\t<div class=\"align-icon \">\n\t\t\t\t\t\t\n<span class=\"aio-icon  none  ult_expsection_icon \"  style=\"color:#ffffff;font-size:20px;\">\n\t<i class=\"Defaults-plus-circle ult_ex_icon\"  ><\/i>\n<\/span>\n\t\t\t\t\t<\/div>\n\t\t\t\t<\/div>\n\t\t\t\t<div class=\"ult_expheader\" >Informations\n\t\t\t\t<\/div>\n\t\t\t<\/div>\n\t\t<\/div><div class=\"ult_exp_content \" style=\"background-color:#353535;padding-top:10px;padding-right:10px;padding-bottom:20px;padding-left:10px;margin-top:25px;\"><div class=\"ult_ecpsub_cont\" style=\" \" >[vc_column_text css=\u00a0\u00bb.vc_custom_1567696298046{margin-bottom: -5px !important;}\u00a0\u00bb]<span style=\"font-size: 11.52px;\">Armoire au sol ind\u00e9pendante avec ventilation sup\u00e9rieure, vitre en verre tremp\u00e9e sur la porte verrouillable, panneau lat\u00e9ral amovible (charge maximum : 800 kg)<\/span>[\/vc_column_text]<\/div><\/div>\n\n\t\t\t<\/div><div class=\" vc_custom_1609171353242 ubtn-ctn-center \"><a class=\"ubtn-link ult-adjust-bottom-margin ubtn-center ubtn-custom \" href=\"https:\/\/jsl-online.com\/fr\/armoire-au-sol-independante\/\" title=\"Armoire au sol ind\u00e9pendante\" ><button type=\"button\" id=\"ubtn-7493\"  class=\"ubtn ult-adjust-bottom-margin ult-responsive ubtn-custom ubtn-center-hz-bg  ulta-grow  ubtn-center   tooltip-69e329f524973\"  data-hover=\"#ffffff\" data-border-color=\"\" data-bg=\"#dda433\" data-hover-bg=\"rgba(255,255,255,0.01)\" data-border-hover=\"\" data-shadow-hover=\"\" data-shadow-click=\"none\" data-shadow=\"\" data-shd-shadow=\"\"  data-ultimate-target='#ubtn-7493'  data-responsive-json-new='{\"font-size\":\"desktop:15px;\",\"line-height\":\"\"}'  style=\"font-weight:normal;width:240px;min-height:40px;padding:px px;border:none;background: #dda433;color: #eaeaea;\"><span class=\"ubtn-hover\" style=\"background-color:rgba(255,255,255,0.01)\"><\/span><span class=\"ubtn-data ubtn-text \" >Voir la page<\/span><\/button><\/a><\/div>[\/vc_column][vc_column css_animation=\u00a0\u00bbslideInUp\u00a0\u00bb width=\u00a0\u00bb1\/3&Prime; css=\u00a0\u00bb.vc_custom_1557399380311{background-color: #3c3c3c !important;border-radius: 5px !important;}\u00a0\u00bb][vc_custom_heading text=\u00a0\u00bbACCESSOIRES POUR ARMOIRES\u00a0\u00bb font_container=\u00a0\u00bbtag:h2|font_size:16|text_align:center|line_height:1&Prime; google_fonts=\u00a0\u00bbfont_family:Montserrat%3Aregular%2C700|font_style:700%20bold%20regular%3A700%3Anormal\u00a0\u00bb css_animation=\u00a0\u00bbnone\u00a0\u00bb][vc_separator color=\u00a0\u00bbcustom\u00a0\u00bb style=\u00a0\u00bbdouble\u00a0\u00bb el_width=\u00a0\u00bb90&Prime; css=\u00a0\u00bb.vc_custom_1557227438032{margin-bottom: -5px !important;}\u00a0\u00bb accent_color=\u00a0\u00bb#dda433&Prime;][vc_single_image image=\u00a0\u00bb12782&Prime; img_size=\u00a0\u00bb\u00a0\u00bb alignment=\u00a0\u00bbcenter\u00a0\u00bb onclick=\u00a0\u00bbcustom_link\u00a0\u00bb link=\u00a0\u00bbhttps:\/\/jsl-online.com\/fr\/accessoires-pour-armoires\/\u00a0\u00bb]<div class=\"ult_exp_section_layer ult-adjust-bottom-margin  \" >\n\t\t<div id=\"uvc-exp-wrap-4636\" role=\"button\" tabindex=\"0\" aria-pressed=\"false\"  data-ultimate-target='#uvc-exp-wrap-4636'  data-responsive-json-new='{\"font-size\":\"desktop:20px;\",\"line-height\":\"desktop:20px;\"}'  class=\"ult_exp_section  ult-responsive \" style=\"color:#ffffff;background-color:rgba(255,255,255,0.05); font-weight:normal;margin-top:-35px;margin-bottom:-25px; text-align:center;\" data-textcolor=\"#ffffff\"data-texthover=\"#dda433\"data-icncolor=\"#ffffff\"data-ihover=\"#dda433\"data-height=\"0\"data-cntbg=\"rgba(255,255,255,0.05)\"data-cnthvrbg=\"#ffffff\"data-headerbg=\"rgba(255,255,255,0.05)\"data-headerhover=\"#ffffff\"data-title=\"Informations\"data-newtitle=\"Informations\"data-icon=\"Defaults-plus-circle\"data-newicon=\"Defaults-plus-circle\"data-activeicon=\"#dd9933\"data-effect=\"slideToggle\"data-override=\"0\"data-activetitle=\"#333333\"data-activebg=\"#ffffff\"data-img=\"\"data-newimg=\"\"><div class=\"ult_exp_section-main ult_expleft_icon\">\t<div class=\"ult-just-icon-wrapper ult_exp_icon\">\n\t\t\t\t\t<div class=\"align-icon \">\n\t\t\t\t\t\t\n<span class=\"aio-icon  none  ult_expsection_icon \"  style=\"color:#ffffff;font-size:20px;\">\n\t<i class=\"Defaults-plus-circle ult_ex_icon\"  ><\/i>\n<\/span>\n\t\t\t\t\t<\/div>\n\t\t\t\t<\/div>\n\t\t\t\t<div class=\"ult_expheader\" >Informations\n\t\t\t\t<\/div>\n\t\t\t<\/div>\n\t\t<\/div><div class=\"ult_exp_content \" style=\"background-color:#353535;padding-top:10px;padding-right:10px;padding-bottom:20px;padding-left:10px;margin-top:25px;\"><div class=\"ult_ecpsub_cont\" style=\" \" >[vc_column_text css=\u00a0\u00bb.vc_custom_1567696349973{margin-bottom: -5px !important;}\u00a0\u00bb]<span style=\"font-size: 80%;\">Accessoires pour armoires 19 pol.<\/span>[\/vc_column_text]<\/div><\/div>\n\n\t\t\t<\/div><div class=\" vc_custom_1609171388122 ubtn-ctn-center \"><a class=\"ubtn-link ult-adjust-bottom-margin ubtn-center ubtn-custom \" href=\"https:\/\/jsl-online.com\/fr\/accessoires-pour-armoires\/\" title=\"ACCESSOIRES POUR ARMOIRES\" ><button type=\"button\" id=\"ubtn-9843\"  class=\"ubtn ult-adjust-bottom-margin ult-responsive ubtn-custom ubtn-center-hz-bg  ulta-grow  ubtn-center   tooltip-69e329f524a29\"  data-hover=\"#ffffff\" data-border-color=\"\" data-bg=\"#dda433\" data-hover-bg=\"rgba(255,255,255,0.01)\" data-border-hover=\"\" data-shadow-hover=\"\" data-shadow-click=\"none\" data-shadow=\"\" data-shd-shadow=\"\"  data-ultimate-target='#ubtn-9843'  data-responsive-json-new='{\"font-size\":\"desktop:15px;\",\"line-height\":\"\"}'  style=\"font-weight:normal;width:240px;min-height:40px;padding:px px;border:none;background: #dda433;color: #eaeaea;\"><span class=\"ubtn-hover\" style=\"background-color:rgba(255,255,255,0.01)\"><\/span><span class=\"ubtn-data ubtn-text \" >Voir la page<\/span><\/button><\/a><\/div>[\/vc_column][\/vc_row]\n<\/div>","protected":false},"excerpt":{"rendered":"[vc_row full_width=\u00a0\u00bbstretch_row_content\u00a0\u00bb bg_type=\u00a0\u00bbgrad\u00a0\u00bb bg_grad=\u00a0\u00bbbackground: -webkit-gradient(linear, left top, left bottom, color-stop(6%, #424242), color-stop(57%, #292929), color-stop(93%, #000000), color-stop(93%, #949598), color-stop(99%, #949598));background: -moz-linear-gradient(top,#424242 6%,#292929 57%,#000000 93%,#949598 93%,#949598 99%);background: -webkit-linear-gradient(top,#424242 6%,#292929 57%,#000000 93%,#949598 93%,#949598 99%);background: -o-linear-gradient(top,#424242 6%,#292929 57%,#000000 93%,#949598 93%,#949598 99%);background: -ms-linear-gradient(top,#424242 6%,#292929 57%,#000000 93%,#949598 93%,#949598 99%);background: linear-gradient(top,#424242 6%,#292929 57%,#000000 93%,#949598 93%,#949598 99%);\u00a0\u00bb css=\u00a0\u00bb.vc_custom_1557150699640{margin-top: -30px !important;margin-bottom: 15px !important;}\u00a0\u00bb][vc_column css=\u00a0\u00bb.vc_custom_1557140385615{margin-top: [&#8230;]\n","protected":false},"author":1001011,"featured_media":0,"parent":0,"menu_order":0,"comment_status":"closed","ping_status":"closed","template":"","meta":{"footnotes":""},"class_list":["post-12780","page","type-page","status-publish","hentry"],"_links":{"self":[{"href":"https:\/\/jsl-online.com\/fr\/wp-json\/wp\/v2\/pages\/12780","targetHints":{"allow":["GET"]}}],"collection":[{"href":"https:\/\/jsl-online.com\/fr\/wp-json\/wp\/v2\/pages"}],"about":[{"href":"https:\/\/jsl-online.com\/fr\/wp-json\/wp\/v2\/types\/page"}],"author":[{"embeddable":true,"href":"https:\/\/jsl-online.com\/fr\/wp-json\/wp\/v2\/users\/1001011"}],"replies":[{"embeddable":true,"href":"https:\/\/jsl-online.com\/fr\/wp-json\/wp\/v2\/comments?post=12780"}],"version-history":[{"count":2,"href":"https:\/\/jsl-online.com\/fr\/wp-json\/wp\/v2\/pages\/12780\/revisions"}],"predecessor-version":[{"id":21942,"href":"https:\/\/jsl-online.com\/fr\/wp-json\/wp\/v2\/pages\/12780\/revisions\/21942"}],"wp:attachment":[{"href":"https:\/\/jsl-online.com\/fr\/wp-json\/wp\/v2\/media?parent=12780"}],"curies":[{"name":"wp","href":"https:\/\/api.w.org\/{rel}","templated":true}]}}